{"id":210,"date":"2022-08-17T12:46:31","date_gmt":"2022-08-17T12:46:31","guid":{"rendered":"https:\/\/lactaliscef.ca\/?page_id=210"},"modified":"2022-08-17T18:45:28","modified_gmt":"2022-08-17T18:45:28","slug":"210-2","status":"publish","type":"page","link":"https:\/\/lactaliscef.ca\/?page_id=210","title":{"rendered":"About"},"content":{"rendered":"\n<figure class=\"wp-block-image aligncenter size-large is-resized\"><img loading=\"lazy\" decoding=\"async\" src=\"https:\/\/lactaliscef.ca\/wp-content\/uploads\/2022\/08\/Lactalis_Canada_Inc__Lactalis_Canada_Named_on_the_Forbes_2022_Li-1024x352.jpg\" alt=\"\" class=\"wp-image-48\" width=\"256\" height=\"88\" srcset=\"https:\/\/lactaliscef.ca\/wp-content\/uploads\/2022\/08\/Lactalis_Canada_Inc__Lactalis_Canada_Named_on_the_Forbes_2022_Li-1024x352.jpg 1024w, https:\/\/lactaliscef.ca\/wp-content\/uploads\/2022\/08\/Lactalis_Canada_Inc__Lactalis_Canada_Named_on_the_Forbes_2022_Li-300x103.jpg 300w, https:\/\/lactaliscef.ca\/wp-content\/uploads\/2022\/08\/Lactalis_Canada_Inc__Lactalis_Canada_Named_on_the_Forbes_2022_Li-768x264.jpg 768w, https:\/\/lactaliscef.ca\/wp-content\/uploads\/2022\/08\/Lactalis_Canada_Inc__Lactalis_Canada_Named_on_the_Forbes_2022_Li.jpg 1200w\" sizes=\"auto, (max-width: 256px) 100vw, 256px\" \/><\/figure>\n\n\n\n<figure class=\"wp-block-image size-full\"><a href=\"http:\/\/www.lactaliscef.ca\"><img loading=\"lazy\" decoding=\"async\" width=\"1857\" height=\"335\" src=\"https:\/\/lactaliscef.ca\/wp-content\/uploads\/2022\/08\/F2F.png\" alt=\"\" class=\"wp-image-160\" srcset=\"https:\/\/lactaliscef.ca\/wp-content\/uploads\/2022\/08\/F2F.png 1857w, https:\/\/lactaliscef.ca\/wp-content\/uploads\/2022\/08\/F2F-300x54.png 300w, https:\/\/lactaliscef.ca\/wp-content\/uploads\/2022\/08\/F2F-1024x185.png 1024w, https:\/\/lactaliscef.ca\/wp-content\/uploads\/2022\/08\/F2F-768x139.png 768w, https:\/\/lactaliscef.ca\/wp-content\/uploads\/2022\/08\/F2F-1536x277.png 1536w\" sizes=\"auto, (max-width: 1857px) 100vw, 1857px\" \/><\/a><\/figure>\n\n\n\n<div class=\"wp-block-buttons is-content-justification-center is-layout-flex wp-container-core-buttons-is-layout-a89b3969 wp-block-buttons-is-layout-flex\">\n<div class=\"wp-block-button\"><a class=\"wp-block-button__link has-vivid-cyan-blue-background-color has-background\" href=\"https:\/\/lactaliscef.ca\/?page_id=210\">About\/<br>\u00c0 propos<\/a><\/div>\n\n\n\n<div class=\"wp-block-button\"><a class=\"wp-block-button__link has-vivid-cyan-blue-background-color has-background\" href=\"https:\/\/lactaliscef.ca\/?page_id=132\">Submission Form\/<br>Formulaire de soumission<\/a><\/div>\n\n\n\n<div class=\"wp-block-button\"><a class=\"wp-block-button__link has-vivid-cyan-blue-background-color has-background\" href=\"https:\/\/lactaliscef.ca\/?page_id=135\">Summary Form\/<br>Formulaire sommaire<\/a><\/div>\n<\/div>\n\n\n\n<p class=\"has-text-align-center has-vivid-cyan-blue-color has-text-color has-medium-font-size\"><strong>About Lactalis Canada\u2019s Community Enrichment Fund<\/strong><\/p>\n\n\n\n<p>The Lactalis Canada Community Enrichment Fund is a dedicated program to support the communities in which we operate across the country at our 30+ operating sites in Quebec, Ontario, Manitoba, Alberta and British Columbia. In keeping with our core purpose to enrich and nurture the lives of Canadians and our Environmental, Social and Governance (ESG) commitment, the Fund empowers our people across Canada with the ability to make meaningful impact and build relations through participation, support, investment and engagement of community programs at the local level in areas related to:<\/p>\n\n\n\n<div class=\"wp-block-group is-layout-flow wp-block-group-is-layout-flow\">\n<div class=\"wp-block-columns is-layout-flex wp-container-core-columns-is-layout-28f84493 wp-block-columns-is-layout-flex\">\n<div class=\"wp-block-column is-layout-flow wp-block-column-is-layout-flow\" style=\"flex-basis:100%\">\n<ul class=\"wp-block-list\"><li> Supporting youth well-being<\/li><li> Feeding the community<\/li><li> Promoting community well-being<\/li><\/ul>\n<\/div>\n<\/div>\n<\/div>\n\n\n\n<p><strong>Guidelines and Eligibility Criteria<\/strong><br>\u2022 Must be related to: supporting youth well-being; feeding the community; promoting community well-being; and\/or contributing to a thriving planet<br>\u2022 The organization must reflect the diversity and wider makeup of the community and must not discriminate based on gender, age, sexual orientation, ethnicity, etc.<br>\u2022 The event or project must directly benefit the communities where we have operations<br>\u2022 Eligibility is dependent on the organization agreeing to complete and submit the summary form and photographs within four (4) weeks of completion of the initiative<br><br><strong>Exclusions<\/strong><br>\u2022 Organizations with values, purposes, policies or practices in conflict with Lactalis Canada\u2019s purpose<br>\u2022 Initiatives where there is a demonstrated or perceived risk of conflict of interest<br>\u2022 Any individual employee or departmental fundraising initiatives or events (e.g. walks, tournaments, dinners, auctions, etc.)<br>\u2022 Third-party organizations raising funds for other charities<br>\u2022 Initiatives that do not serve the community directly<br>\u2022 Multi-year funding commitments<br>\u2022 Political organizations or advocacy groups and affiliated activities<br>\u2022 Religious organizations and affiliated activities, unless they are engaged in a significant project benefiting the entire community<br>\u2022 Private recreational groups serving only their members (e.g. not open to community members)<br>\u2022 Sponsorship of industry conferences and trade shows<br>\u2022 Personal or group travel-related events and expeditions<br>\u2022 For-profit organizations or other corporations\u2019 community initiatives<br>\u2022 Advertising, publications, film\/video\/television projects<br>\u2022 Contests or pageants<br>\u2022 Individual bursaries or scholarships<br>\u2022 Brand campaigns\/brand donations<br>\u2022 Salaries or operating costs<br>\u2022 Excess milk processing for donation<\/p>\n\n\n\n<hr class=\"wp-block-separator has-alpha-channel-opacity\"\/>\n\n\n\n<p><strong>\u00c0 propos du Fonds d\u2019enrichissement Communautaire de Lactalis&nbsp;Canada<\/strong><\/p>\n\n\n\n<p>Le Fonds d\u2019enrichissement Communautaire de Lactalis&nbsp;Canada est un programme con\u00e7u pour appuyer les collectivit\u00e9s dans lesquelles nous exer\u00e7ons nos activit\u00e9s partout au pays dans nos plus de 30&nbsp;sites d\u2019exploitation au Qu\u00e9bec, en Ontario, au Manitoba, en Alberta et en Colombie-Britannique. Conform\u00e9ment \u00e0 notre objectif fondamental d\u2019enrichir et de soutenir la vie des Canadien(ne)s et \u00e0 notre engagement en mati\u00e8re d\u2019environnement, de soci\u00e9t\u00e9 et de gouvernance (ESG), le Fonds permet \u00e0 nos employ\u00e9(e)s de partout au Canada d\u2019avoir un impact significatif et d\u2019\u00e9tablir des relations gr\u00e2ce \u00e0 la participation, au soutien, \u00e0 l\u2019investissement et l\u2019engagement de programmes communautaires \u00e0 l\u2019\u00e9chelle locale dans les domaines li\u00e9s \u00e0 ce qui suit&nbsp;:<\/p>\n\n\n\n<ul class=\"wp-block-list\"><li>Favoriser le bien-\u00eatre des jeunes<\/li><li>Nourrir la communaut\u00e9<\/li><li>Promouvoir le bien-\u00eatre communautaire<\/li><li>Contribuer \u00e0 la prosp\u00e9rit\u00e9 de la plan\u00e8te<\/li><\/ul>\n\n\n\n<p><strong>Lignes directrices et crit\u00e8res d\u2019admissibilit\u00e9<\/strong><\/p>\n\n\n\n<ul class=\"wp-block-list\"><li>Les domaines doivent \u00eatre li\u00e9s \u00e0 ce qui suit&nbsp;: favoriser le bien-\u00eatre des jeunes, nourrir la communaut\u00e9, promouvoir le bien-\u00eatre communautaire et\/ou contribuer \u00e0 la prosp\u00e9rit\u00e9 de la plan\u00e8te.<\/li><li>L\u2019organisme doit refl\u00e9ter la diversit\u00e9 et la composition \u00e9largie de la communaut\u00e9 et ne doit pas faire de discrimination fond\u00e9e sur le genre, l\u2019\u00e2ge, l\u2019orientation sexuelle, l\u2019origine ethnique, etc.<\/li><li>L\u2019\u00e9v\u00e9nement ou le projet doit profiter directement aux communaut\u00e9s o\u00f9 nous exer\u00e7ons nos activit\u00e9s.<\/li><li>L\u2019admissibilit\u00e9 d\u00e9pend de l\u2019organisme, \u00e0 savoir s\u2019il accepte de remplir et de soumettre le formulaire sommaire et les photographies dans les quatre (4) semaines suivant la fin de l\u2019initiative.<\/li><\/ul>\n\n\n\n<p><strong>Exclusions<\/strong><\/p>\n\n\n\n<ul class=\"wp-block-list\"><li>Organismes dont les valeurs, les raisons d\u2019\u00eatre, les politiques ou les pratiques entrent en conflit avec la raison d\u2019\u00eatre de Lactalis&nbsp;Canada<\/li><li>Initiatives pr\u00e9sentant un risque manifeste ou per\u00e7u de conflit d\u2019int\u00e9r\u00eats<\/li><li>Initiatives ou \u00e9v\u00e9nements de collecte de fonds organis\u00e9s par un(e) employ\u00e9(e) ou un service (p. ex., marches, tournois, d\u00eeners et ench\u00e8res)<\/li><li>Organismes tiers qui recueillent des fonds pour d\u2019autres organismes de bienfaisance<\/li><li>Initiatives qui ne servent pas la communaut\u00e9 directement<\/li><li>Engagements de financement pluriannuel<\/li><li>Organisations politiques ou groupes de revendication et activit\u00e9s associ\u00e9es<\/li><li>Organisations religieuses et activit\u00e9s associ\u00e9es, \u00e0 moins que ces organisations ne participent \u00e0 un projet important qui profite \u00e0 l\u2019ensemble de la communaut\u00e9<\/li><li>Groupes de loisir priv\u00e9s desservant uniquement leurs membres (p. ex., non ouverts aux membres de la communaut\u00e9)<\/li><li>Commandites li\u00e9es aux conf\u00e9rences sectorielles et aux foires commerciales<\/li><li>Activit\u00e9s et exp\u00e9ditions personnelles ou en groupe li\u00e9es aux voyages<\/li><li>Initiatives communautaires d\u2019organismes \u00e0 but lucratif ou d\u2019autres entreprises&nbsp;<\/li><li>Publicit\u00e9, publications ou projets cin\u00e9matographiques, vid\u00e9o et t\u00e9l\u00e9visuels<\/li><li>Concours ou d\u00e9fil\u00e9s<\/li><li>Bourses d\u2019entretien et d\u2019\u00e9tudes individuelles<\/li><li>Campagnes de promotion de la marque\/dons de la marque<\/li><li>Salaires ou co\u00fbts d\u2019exploitation<\/li><li>Transformation du lait exc\u00e9dentaire aux fins de don<\/li><\/ul>\n","protected":false},"excerpt":{"rendered":"<p>About Lactalis Canada\u2019s Community Enrichment Fund The Lactalis Canada Community Enrichment Fund is a dedicated program to support the communities in which we operate across the country at our 30+ operating sites in Quebec, Ontario, Manitoba, Alberta and British Columbia. In keeping with our core purpose to enrich and nurture the lives of Canadians and [&hellip;]<\/p>\n","protected":false},"author":1,"featured_media":0,"parent":0,"menu_order":0,"comment_status":"closed","ping_status":"closed","template":"blank","meta":{"_kadence_starter_templates_imported_post":false,"footnotes":""},"class_list":["post-210","page","type-page","status-publish","hentry"],"_links":{"self":[{"href":"https:\/\/lactaliscef.ca\/index.php?rest_route=\/wp\/v2\/pages\/210","targetHints":{"allow":["GET"]}}],"collection":[{"href":"https:\/\/lactaliscef.ca\/index.php?rest_route=\/wp\/v2\/pages"}],"about":[{"href":"https:\/\/lactaliscef.ca\/index.php?rest_route=\/wp\/v2\/types\/page"}],"author":[{"embeddable":true,"href":"https:\/\/lactaliscef.ca\/index.php?rest_route=\/wp\/v2\/users\/1"}],"replies":[{"embeddable":true,"href":"https:\/\/lactaliscef.ca\/index.php?rest_route=%2Fwp%2Fv2%2Fcomments&post=210"}],"version-history":[{"count":18,"href":"https:\/\/lactaliscef.ca\/index.php?rest_route=\/wp\/v2\/pages\/210\/revisions"}],"predecessor-version":[{"id":246,"href":"https:\/\/lactaliscef.ca\/index.php?rest_route=\/wp\/v2\/pages\/210\/revisions\/246"}],"wp:attachment":[{"href":"https:\/\/lactaliscef.ca\/index.php?rest_route=%2Fwp%2Fv2%2Fmedia&parent=210"}],"curies":[{"name":"wp","href":"https:\/\/api.w.org\/{rel}","templated":true}]}}